{"id":33,"date":"2023-08-09T12:13:21","date_gmt":"2023-08-09T12:13:21","guid":{"rendered":"http:\/\/finaxio.local\/?page_id=33"},"modified":"2026-03-09T18:01:43","modified_gmt":"2026-03-09T18:01:43","slug":"contact","status":"publish","type":"page","link":"https:\/\/gruporym.com\/index.php\/contact\/","title":{"rendered":"Contacto"},"content":{"rendered":"\t\t<div data-elementor-type=\"wp-page\" data-elementor-id=\"33\" class=\"elementor elementor-33\">\n\t\t\t\t\t\t<section class=\"elementor-section elementor-top-section elementor-element elementor-element-33e01a2 elementor-hidden-mobile elementor-section-boxed elementor-section-height-default elementor-section-height-default\" data-id=\"33e01a2\" data-element_type=\"section\" data-settings=\"{&quot;background_background&quot;:&quot;gradient&quot;}\">\n\t\t\t\t\t\t<div class=\"elementor-container elementor-column-gap-default\">\n\t\t\t\t\t<div class=\"elementor-column elementor-col-50 elementor-top-column elementor-element elementor-element-3939cbe\" data-id=\"3939cbe\" data-element_type=\"column\">\n\t\t\t<div class=\"elementor-widget-wrap elementor-element-populated\">\n\t\t\t\t\t\t<div class=\"elementor-element elementor-element-fdeb579 elementor-widget elementor-widget-heading\" data-id=\"fdeb579\" data-element_type=\"widget\" data-widget_type=\"heading.default\">\n\t\t\t\t\t<h2 class=\"elementor-heading-title elementor-size-default\">CONTACTO<\/h2>\t\t\t\t<\/div>\n\t\t\t\t<div class=\"elementor-element elementor-element-00b9dcb elementor-widget elementor-widget-text-editor\" data-id=\"00b9dcb\" data-element_type=\"widget\" data-widget_type=\"text-editor.default\">\n\t\t\t\t\t\t\t\t\t<span style=\"font-size: 17px; color: #000; font-family: Poppins;\">Hablemos de lo que realmente mueve a tu empresa<\/span>\t\t\t\t\t\t\t\t<\/div>\n\t\t\t\t<div class=\"elementor-element elementor-element-ccc361c elementor-widget elementor-widget-html\" data-id=\"ccc361c\" data-element_type=\"widget\" data-widget_type=\"html.default\">\n\t\t\t\t\t<style type=\"text\/css\">\n.page__banner{\n    display:none!important;\n}\n<\/style>\t\t\t\t<\/div>\n\t\t\t\t\t<\/div>\n\t\t<\/div>\n\t\t\t\t<div class=\"elementor-column elementor-col-50 elementor-top-column elementor-element elementor-element-aae748c\" data-id=\"aae748c\" data-element_type=\"column\" data-settings=\"{&quot;background_background&quot;:&quot;classic&quot;}\">\n\t\t\t<div class=\"elementor-widget-wrap elementor-element-populated\">\n\t\t\t\t\t\t<div class=\"elementor-element elementor-element-f71c7fe elementor-widget elementor-widget-heading\" data-id=\"f71c7fe\" data-element_type=\"widget\" data-widget_type=\"heading.default\">\n\t\t\t\t\t<h4 class=\"elementor-heading-title elementor-size-default\">Bolsa de Trabajo<\/h4>\t\t\t\t<\/div>\n\t\t\t\t<div class=\"elementor-element elementor-element-6150bc1 elementor-widget elementor-widget-text-editor\" data-id=\"6150bc1\" data-element_type=\"widget\" data-widget_type=\"text-editor.default\">\n\t\t\t\t\t\t\t\t\t<span style=\"color: #000000; font-family: Poppins; font-size: 17px;\">Espacio destinado a la recepci\u00f3n de postulaciones y consultas relacionadas con oportunidades laborales.<\/span>\t\t\t\t\t\t\t\t<\/div>\n\t\t\t\t<div class=\"elementor-element elementor-element-4198b8a elementor-widget elementor-widget-text-editor\" data-id=\"4198b8a\" data-element_type=\"widget\" data-widget_type=\"text-editor.default\">\n\t\t\t\t\t\t\t\t\t<span style=\"color: #000000; font-family: Poppins; font-size: 17px;\">\n<a href=\"mailto:reclutamiento@gruporym.com\" target=\"_blank\" rel=\"noopener\">reclutamiento@gruporym.com<\/a>\n<br\/>\n<a href=\"tel:+524427102853\">+52 442 710 2853<\/a>\n<\/span>\t\t\t\t\t\t\t\t<\/div>\n\t\t\t\t<div class=\"elementor-element elementor-element-53b2a71 elementor-widget elementor-widget-heading\" data-id=\"53b2a71\" data-element_type=\"widget\" data-widget_type=\"heading.default\">\n\t\t\t\t\t<h4 class=\"elementor-heading-title elementor-size-default\">Red M\u00e9dica Ocupacional<\/h4>\t\t\t\t<\/div>\n\t\t\t\t<div class=\"elementor-element elementor-element-07b76e5 elementor-widget elementor-widget-text-editor\" data-id=\"07b76e5\" data-element_type=\"widget\" data-widget_type=\"text-editor.default\">\n\t\t\t\t\t\t\t\t\t<span style=\"color: #000000; font-family: Poppins; font-size: 17px;\">Servicio orientado a la atenci\u00f3n, evaluaci\u00f3n y seguimiento de la salud ocupacional de los colaboradores.<\/span>\t\t\t\t\t\t\t\t<\/div>\n\t\t\t\t<div class=\"elementor-element elementor-element-76fb89f elementor-widget elementor-widget-text-editor\" data-id=\"76fb89f\" data-element_type=\"widget\" data-widget_type=\"text-editor.default\">\n\t\t\t\t\t\t\t\t\t<span style=\"color: #000000; font-family: Poppins; font-size: 17px;\">\n<a href=\"mailto:d.perez@gruporym.com\" target=\"_blank\">d.perez@gruporym.com<\/a>\n<br\/>\n<a href=\"tel:+524426761796\">+52 442 676 1796<\/a><\/span>\t\t\t\t\t\t\t\t<\/div>\n\t\t\t\t<div class=\"elementor-element elementor-element-8392767 elementor-widget elementor-widget-heading\" data-id=\"8392767\" data-element_type=\"widget\" data-widget_type=\"heading.default\">\n\t\t\t\t\t<h4 class=\"elementor-heading-title elementor-size-default\">Ventas<\/h4>\t\t\t\t<\/div>\n\t\t\t\t<div class=\"elementor-element elementor-element-9ffba29 elementor-widget elementor-widget-text-editor\" data-id=\"9ffba29\" data-element_type=\"widget\" data-widget_type=\"text-editor.default\">\n\t\t\t\t\t\t\t\t\t<span style=\"color: #000000; font-family: Poppins; font-size: 17px;\">Atenci\u00f3n personalizada para consultas y solicitudes comerciales.<\/span>\t\t\t\t\t\t\t\t<\/div>\n\t\t\t\t<div class=\"elementor-element elementor-element-9820380 elementor-widget elementor-widget-text-editor\" data-id=\"9820380\" data-element_type=\"widget\" data-widget_type=\"text-editor.default\">\n\t\t\t\t\t\t\t\t\t<span style=\"color: #000000; font-family: Poppins; font-size: 17px;\">\n<a href=\"mailto:ventas@gruporym.com\" target=\"_blank\">ventas@gruporym.com<\/a>\n<br\/>\n<a href=\"tel:+52442195 8285\">+52 442 195 82 85<\/a>\n<\/span>\t\t\t\t\t\t\t\t<\/div>\n\t\t\t\t\t<\/div>\n\t\t<\/div>\n\t\t\t\t\t<\/div>\n\t\t<\/section>\n\t\t\t\t<section class=\"elementor-section elementor-top-section elementor-element elementor-element-d75376e elementor-hidden-desktop elementor-hidden-tablet elementor-section-boxed elementor-section-height-default elementor-section-height-default\" data-id=\"d75376e\" data-element_type=\"section\" data-settings=\"{&quot;background_background&quot;:&quot;classic&quot;}\">\n\t\t\t\t\t\t<div class=\"elementor-container elementor-column-gap-default\">\n\t\t\t\t\t<div class=\"elementor-column elementor-col-100 elementor-top-column elementor-element elementor-element-17d3f14\" data-id=\"17d3f14\" data-element_type=\"column\" data-settings=\"{&quot;background_background&quot;:&quot;classic&quot;}\">\n\t\t\t<div class=\"elementor-widget-wrap elementor-element-populated\">\n\t\t\t\t\t\t<div class=\"elementor-element elementor-element-3f56dd0 elementor-widget elementor-widget-heading\" data-id=\"3f56dd0\" data-element_type=\"widget\" data-widget_type=\"heading.default\">\n\t\t\t\t\t<h2 class=\"elementor-heading-title elementor-size-default\">CONTACTO<\/h2>\t\t\t\t<\/div>\n\t\t\t\t<div class=\"elementor-element elementor-element-24eb310 elementor-widget elementor-widget-text-editor\" data-id=\"24eb310\" data-element_type=\"widget\" data-widget_type=\"text-editor.default\">\n\t\t\t\t\t\t\t\t\t<span style=\"font-size: 18px; color: #000; font-family: Poppins;\">Hablemos de lo que realmente mueve a tu empresa<\/span>\t\t\t\t\t\t\t\t<\/div>\n\t\t\t\t<div class=\"elementor-element elementor-element-9cbdb58 elementor-widget elementor-widget-html\" data-id=\"9cbdb58\" data-element_type=\"widget\" data-widget_type=\"html.default\">\n\t\t\t\t\t<style type=\"text\/css\">\n.page__banner{\n    display:none!important;\n}\n<\/style>\t\t\t\t<\/div>\n\t\t\t\t<div class=\"elementor-element elementor-element-151e972 elementor-widget elementor-widget-heading\" data-id=\"151e972\" data-element_type=\"widget\" data-widget_type=\"heading.default\">\n\t\t\t\t\t<h4 class=\"elementor-heading-title elementor-size-default\">Bolsa de Trabajo<\/h4>\t\t\t\t<\/div>\n\t\t\t\t<div class=\"elementor-element elementor-element-82fc1f0 elementor-widget elementor-widget-text-editor\" data-id=\"82fc1f0\" data-element_type=\"widget\" data-widget_type=\"text-editor.default\">\n\t\t\t\t\t\t\t\t\t<span style=\"color: #000000; font-family: Poppins;\"><span style=\"font-size: 18px;\">Espacio destinado a la recepci\u00f3n de postulaciones y consultas relacionadas con oportunidades laborales.<\/span><\/span>\t\t\t\t\t\t\t\t<\/div>\n\t\t\t\t<div class=\"elementor-element elementor-element-293a6e7 elementor-widget elementor-widget-text-editor\" data-id=\"293a6e7\" data-element_type=\"widget\" data-widget_type=\"text-editor.default\">\n\t\t\t\t\t\t\t\t\t<span style=\"color: #000000; font-family: Poppins; font-size: 18px;\">\n<a href=\"mailto:reclutamiento@gruporym.com\" target=\"_blank\" rel=\"noopener\">reclutamiento@gruporym.com<\/a>\n<br\/>\n<a href=\"tel:+524427102853\">+52 442 710 2853<\/a><\/span>\t\t\t\t\t\t\t\t<\/div>\n\t\t\t\t<div class=\"elementor-element elementor-element-8d2b87a elementor-widget elementor-widget-heading\" data-id=\"8d2b87a\" data-element_type=\"widget\" data-widget_type=\"heading.default\">\n\t\t\t\t\t<h4 class=\"elementor-heading-title elementor-size-default\">Red M\u00e9dica Ocupacional<\/h4>\t\t\t\t<\/div>\n\t\t\t\t<div class=\"elementor-element elementor-element-ad3e3da elementor-widget elementor-widget-text-editor\" data-id=\"ad3e3da\" data-element_type=\"widget\" data-widget_type=\"text-editor.default\">\n\t\t\t\t\t\t\t\t\t<span style=\"color: #000000; font-family: Poppins;\"><span style=\"font-size: 18px;\">Servicio orientado a la atenci\u00f3n, evaluaci\u00f3n y seguimiento de la salud ocupacional de los colaboradores.<\/span><\/span>\t\t\t\t\t\t\t\t<\/div>\n\t\t\t\t<div class=\"elementor-element elementor-element-4d7ea85 elementor-widget elementor-widget-text-editor\" data-id=\"4d7ea85\" data-element_type=\"widget\" data-widget_type=\"text-editor.default\">\n\t\t\t\t\t\t\t\t\t<span style=\"color: #000000; font-family: Poppins; font-size: 18px;\">\n<a href=\"mailto:d.perez@gruporym.com\" target=\"_blank\" rel=\"noopener\">d.perez@gruporym.com<\/a>\n<br\/>\n<a href=\"tel:+524426761796\">+52 442 676 1796<\/a>\n<\/span>\t\t\t\t\t\t\t\t<\/div>\n\t\t\t\t<div class=\"elementor-element elementor-element-cc7f80a elementor-widget elementor-widget-heading\" data-id=\"cc7f80a\" data-element_type=\"widget\" data-widget_type=\"heading.default\">\n\t\t\t\t\t<h4 class=\"elementor-heading-title elementor-size-default\">Ventas<\/h4>\t\t\t\t<\/div>\n\t\t\t\t<div class=\"elementor-element elementor-element-ddd6493 elementor-widget elementor-widget-text-editor\" data-id=\"ddd6493\" data-element_type=\"widget\" data-widget_type=\"text-editor.default\">\n\t\t\t\t\t\t\t\t\t<span style=\"color: #000000; font-family: Poppins; font-size: 18px;\">Atenci\u00f3n personalizada para consultas y solicitudes comerciales.<\/span>\t\t\t\t\t\t\t\t<\/div>\n\t\t\t\t<div class=\"elementor-element elementor-element-2cf0d83 elementor-widget elementor-widget-text-editor\" data-id=\"2cf0d83\" data-element_type=\"widget\" data-widget_type=\"text-editor.default\">\n\t\t\t\t\t\t\t\t\t<span style=\"color: #000000; font-family: Poppins; font-size: 18px;\">\n<a href=\"mailto:ventas@gruporym.com\" target=\"_blank\" rel=\"noopener\">ventas@gruporym.com<\/a>\n<br\/>\n<a href=\"tel:+52442195 8285\">+52 442 195 82 85<\/a>\n<\/span>\t\t\t\t\t\t\t\t<\/div>\n\t\t\t\t\t<\/div>\n\t\t<\/div>\n\t\t\t\t\t<\/div>\n\t\t<\/section>\n\t\t\t\t<\/div>\n\t\t","protected":false},"excerpt":{"rendered":"<p>CONTACTO Hablemos de lo que realmente mueve a tu empresa Bolsa de Trabajo Espacio destinado a la recepci\u00f3n de postulaciones y consultas relacionadas con oportunidades laborales. reclutamiento@gruporym.com +52 442 710 2853 Red M\u00e9dica Ocupacional Servicio orientado a la atenci\u00f3n, evaluaci\u00f3n y seguimiento de la salud ocupacional de los colaboradores. d.perez@gruporym.com +52 442 676 1796 Ventas [&hellip;]<\/p>\n","protected":false},"author":2,"featured_media":0,"parent":0,"menu_order":0,"comment_status":"closed","ping_status":"closed","template":"page-builder.php","meta":{"footnotes":""},"class_list":["post-33","page","type-page","status-publish","hentry"],"_links":{"self":[{"href":"https:\/\/gruporym.com\/index.php\/wp-json\/wp\/v2\/pages\/33","targetHints":{"allow":["GET"]}}],"collection":[{"href":"https:\/\/gruporym.com\/index.php\/wp-json\/wp\/v2\/pages"}],"about":[{"href":"https:\/\/gruporym.com\/index.php\/wp-json\/wp\/v2\/types\/page"}],"author":[{"embeddable":true,"href":"https:\/\/gruporym.com\/index.php\/wp-json\/wp\/v2\/users\/2"}],"replies":[{"embeddable":true,"href":"https:\/\/gruporym.com\/index.php\/wp-json\/wp\/v2\/comments?post=33"}],"version-history":[{"count":88,"href":"https:\/\/gruporym.com\/index.php\/wp-json\/wp\/v2\/pages\/33\/revisions"}],"predecessor-version":[{"id":2110,"href":"https:\/\/gruporym.com\/index.php\/wp-json\/wp\/v2\/pages\/33\/revisions\/2110"}],"wp:attachment":[{"href":"https:\/\/gruporym.com\/index.php\/wp-json\/wp\/v2\/media?parent=33"}],"curies":[{"name":"wp","href":"https:\/\/api.w.org\/{rel}","templated":true}]}}